 {"id":60,"date":"2025-12-27T16:22:28","date_gmt":"2025-12-27T08:22:28","guid":{"rendered":"http:\/\/8.217.15.65\/?post_type=product&#038;p=60"},"modified":"2026-01-23T16:55:15","modified_gmt":"2026-01-23T08:55:15","slug":"ceramic-pump-and-valve-plunger","status":"publish","type":"product","link":"https:\/\/www.xycmat.com\/de\/produkt\/ceramic-pump-and-valve-plunger\/","title":{"rendered":"Keramische Pumpe und Ventilkolben"},"content":{"rendered":"<p>Hergestellt aus geh\u00e4rtetem keramischem Strukturmaterial, hohe mechanische Festigkeit, lange Lebensdauer<br \/>\nVerschlei\u00dffestigkeit, Korrosionsbest\u00e4ndigkeit, hohe Temperaturbest\u00e4ndigkeit, chemische Best\u00e4ndigkeit und andere hervorragende Eigenschaften<br \/>\nMit guter W\u00e4rmed\u00e4mmung, W\u00e4rmeausdehnung<br \/>\nHochpr\u00e4zise Abmessung, Rundheit erreicht 0,001 mm, gute Dichtungsleistung Umweltfreundlich<\/p>","protected":false},"excerpt":{"rendered":"<p>Hergestellt aus geh\u00e4rtetem keramischem Strukturmaterial, hohe mechanische Festigkeit, lange Lebensdauer Verschlei\u00dffestigkeit, Korrosionsbest\u00e4ndigkeit, hohe Temperaturbest\u00e4ndigkeit, chemische Best\u00e4ndigkeit und andere \u00fcberlegene Leistungen Gute W\u00e4rmeisolierung, W\u00e4rmeausdehnung Hochpr\u00e4zise Abmessungen, Rundheit bis 0,001 mm, gute Dichtungsleistung Umweltfreundlich<\/p>","protected":false},"featured_media":61,"comment_status":"open","ping_status":"closed","template":"","meta":[],"product_brand":[],"product_cat":[29],"product_tag":[],"class_list":{"0":"post-60","1":"product","2":"type-product","3":"status-publish","4":"has-post-thumbnail","6":"product_cat-food-medical-industry","8":"first","9":"instock","10":"featured","11":"shipping-taxable","12":"product-type-simple"},"yoast_head":"<!-- This site is optimized with the Yoast SEO plugin v26.6 - https:\/\/yoast.com\/wordpress\/plugins\/seo\/ -->\n<title>Ceramic Pump and Valve Plunger - XYC<\/title>\n<meta name=\"robots\" content=\"index, follow, max-snippet:-1, max-image-preview:large, max-video-preview:-1\" \/>\n<link rel=\"canonical\" href=\"https:\/\/www.xycmat.com\/de\/successful-case\/food-and-medical-industry\/ceramic-pump-and-valve-plunger\/\" \/>\n<script type=\"application\/ld+json\" class=\"yoast-schema-graph\">{\"@context\":\"https:\/\/schema.org\",\"@graph\":[{\"@type\":\"WebPage\",\"@id\":\"https:\/\/www.xycmat.com\/product\/ceramic-pump-and-valve-plunger\/\",\"url\":\"https:\/\/www.xycmat.com\/product\/ceramic-pump-and-valve-plunger\/\",\"name\":\"Ceramic Pump and Valve Plunger - XYC\",\"isPartOf\":{\"@id\":\"https:\/\/www.xycmat.com\/#website\"},\"primaryImageOfPage\":{\"@id\":\"https:\/\/www.xycmat.com\/product\/ceramic-pump-and-valve-plunger\/#primaryimage\"},\"image\":{\"@id\":\"https:\/\/www.xycmat.com\/product\/ceramic-pump-and-valve-plunger\/#primaryimage\"},\"thumbnailUrl\":\"https:\/\/www.xycmat.com\/wp-content\/uploads\/2025\/12\/c001.png\",\"datePublished\":\"2025-12-27T08:22:28+00:00\",\"dateModified\":\"2026-01-23T08:55:15+00:00\",\"breadcrumb\":{\"@id\":\"https:\/\/www.xycmat.com\/product\/ceramic-pump-and-valve-plunger\/#breadcrumb\"},\"inLanguage\":\"de\",\"potentialAction\":[{\"@type\":\"ReadAction\",\"target\":[\"https:\/\/www.xycmat.com\/product\/ceramic-pump-and-valve-plunger\/\"]}]},{\"@type\":\"ImageObject\",\"inLanguage\":\"de\",\"@id\":\"https:\/\/www.xycmat.com\/product\/ceramic-pump-and-valve-plunger\/#primaryimage\",\"url\":\"https:\/\/www.xycmat.com\/wp-content\/uploads\/2025\/12\/c001.png\",\"contentUrl\":\"https:\/\/www.xycmat.com\/wp-content\/uploads\/2025\/12\/c001.png\",\"width\":800,\"height\":800},{\"@type\":\"BreadcrumbList\",\"@id\":\"https:\/\/www.xycmat.com\/product\/ceramic-pump-and-valve-plunger\/#breadcrumb\",\"itemListElement\":[{\"@type\":\"ListItem\",\"position\":1,\"name\":\"\u9996\u9875\",\"item\":\"https:\/\/www.xycmat.com\/\"},{\"@type\":\"ListItem\",\"position\":2,\"name\":\"\u5546\u5e97\",\"item\":\"https:\/\/www.xycmat.com\/product\/\"},{\"@type\":\"ListItem\",\"position\":3,\"name\":\"Ceramic Pump and Valve Plunger\"}]},{\"@type\":\"WebSite\",\"@id\":\"https:\/\/www.xycmat.com\/#website\",\"url\":\"https:\/\/www.xycmat.com\/\",\"name\":\"XYC\",\"description\":\"XYC Advanced Ceramics\",\"publisher\":{\"@id\":\"https:\/\/www.xycmat.com\/#organization\"},\"potentialAction\":[{\"@type\":\"SearchAction\",\"target\":{\"@type\":\"EntryPoint\",\"urlTemplate\":\"https:\/\/www.xycmat.com\/?s={search_term_string}\"},\"query-input\":{\"@type\":\"PropertyValueSpecification\",\"valueRequired\":true,\"valueName\":\"search_term_string\"}}],\"inLanguage\":\"de\"},{\"@type\":\"Organization\",\"@id\":\"https:\/\/www.xycmat.com\/#organization\",\"name\":\"XYC\",\"url\":\"https:\/\/www.xycmat.com\/\",\"logo\":{\"@type\":\"ImageObject\",\"inLanguage\":\"de\",\"@id\":\"https:\/\/www.xycmat.com\/#\/schema\/logo\/image\/\",\"url\":\"https:\/\/www.xycmat.com\/wp-content\/uploads\/2025\/12\/logo-1.webp\",\"contentUrl\":\"https:\/\/www.xycmat.com\/wp-content\/uploads\/2025\/12\/logo-1.webp\",\"width\":512,\"height\":512,\"caption\":\"XYC\"},\"image\":{\"@id\":\"https:\/\/www.xycmat.com\/#\/schema\/logo\/image\/\"}}]}<\/script>\n<!-- \/ Yoast SEO plugin. -->","yoast_head_json":{"title":"Ceramic Pump and Valve Plunger - XYC","robots":{"index":"index","follow":"follow","max-snippet":"max-snippet:-1","max-image-preview":"max-image-preview:large","max-video-preview":"max-video-preview:-1"},"canonical":"https:\/\/www.xycmat.com\/de\/successful-case\/food-and-medical-industry\/ceramic-pump-and-valve-plunger\/","schema":{"@context":"https:\/\/schema.org","@graph":[{"@type":"WebPage","@id":"https:\/\/www.xycmat.com\/product\/ceramic-pump-and-valve-plunger\/","url":"https:\/\/www.xycmat.com\/product\/ceramic-pump-and-valve-plunger\/","name":"Ceramic Pump and Valve Plunger - XYC","isPartOf":{"@id":"https:\/\/www.xycmat.com\/#website"},"primaryImageOfPage":{"@id":"https:\/\/www.xycmat.com\/product\/ceramic-pump-and-valve-plunger\/#primaryimage"},"image":{"@id":"https:\/\/www.xycmat.com\/product\/ceramic-pump-and-valve-plunger\/#primaryimage"},"thumbnailUrl":"https:\/\/www.xycmat.com\/wp-content\/uploads\/2025\/12\/c001.png","datePublished":"2025-12-27T08:22:28+00:00","dateModified":"2026-01-23T08:55:15+00:00","breadcrumb":{"@id":"https:\/\/www.xycmat.com\/product\/ceramic-pump-and-valve-plunger\/#breadcrumb"},"inLanguage":"de","potentialAction":[{"@type":"ReadAction","target":["https:\/\/www.xycmat.com\/product\/ceramic-pump-and-valve-plunger\/"]}]},{"@type":"ImageObject","inLanguage":"de","@id":"https:\/\/www.xycmat.com\/product\/ceramic-pump-and-valve-plunger\/#primaryimage","url":"https:\/\/www.xycmat.com\/wp-content\/uploads\/2025\/12\/c001.png","contentUrl":"https:\/\/www.xycmat.com\/wp-content\/uploads\/2025\/12\/c001.png","width":800,"height":800},{"@type":"BreadcrumbList","@id":"https:\/\/www.xycmat.com\/product\/ceramic-pump-and-valve-plunger\/#breadcrumb","itemListElement":[{"@type":"ListItem","position":1,"name":"\u9996\u9875","item":"https:\/\/www.xycmat.com\/"},{"@type":"ListItem","position":2,"name":"\u5546\u5e97","item":"https:\/\/www.xycmat.com\/product\/"},{"@type":"ListItem","position":3,"name":"Ceramic Pump and Valve Plunger"}]},{"@type":"WebSite","@id":"https:\/\/www.xycmat.com\/#website","url":"https:\/\/www.xycmat.com\/","name":"XYC","description":"XYC Advanced Ceramics","publisher":{"@id":"https:\/\/www.xycmat.com\/#organization"},"potentialAction":[{"@type":"SearchAction","target":{"@type":"EntryPoint","urlTemplate":"https:\/\/www.xycmat.com\/?s={search_term_string}"},"query-input":{"@type":"PropertyValueSpecification","valueRequired":true,"valueName":"search_term_string"}}],"inLanguage":"de"},{"@type":"Organization","@id":"https:\/\/www.xycmat.com\/#organization","name":"XYC","url":"https:\/\/www.xycmat.com\/","logo":{"@type":"ImageObject","inLanguage":"de","@id":"https:\/\/www.xycmat.com\/#\/schema\/logo\/image\/","url":"https:\/\/www.xycmat.com\/wp-content\/uploads\/2025\/12\/logo-1.webp","contentUrl":"https:\/\/www.xycmat.com\/wp-content\/uploads\/2025\/12\/logo-1.webp","width":512,"height":512,"caption":"XYC"},"image":{"@id":"https:\/\/www.xycmat.com\/#\/schema\/logo\/image\/"}}]}},"_links":{"self":[{"href":"https:\/\/www.xycmat.com\/de\/wp-json\/wp\/v2\/product\/60","targetHints":{"allow":["GET"]}}],"collection":[{"href":"https:\/\/www.xycmat.com\/de\/wp-json\/wp\/v2\/product"}],"about":[{"href":"https:\/\/www.xycmat.com\/de\/wp-json\/wp\/v2\/types\/product"}],"replies":[{"embeddable":true,"href":"https:\/\/www.xycmat.com\/de\/wp-json\/wp\/v2\/comments?post=60"}],"wp:featuredmedia":[{"embeddable":true,"href":"https:\/\/www.xycmat.com\/de\/wp-json\/wp\/v2\/media\/61"}],"wp:attachment":[{"href":"https:\/\/www.xycmat.com\/de\/wp-json\/wp\/v2\/media?parent=60"}],"wp:term":[{"taxonomy":"product_brand","embeddable":true,"href":"https:\/\/www.xycmat.com\/de\/wp-json\/wp\/v2\/product_brand?post=60"},{"taxonomy":"product_cat","embeddable":true,"href":"https:\/\/www.xycmat.com\/de\/wp-json\/wp\/v2\/product_cat?post=60"},{"taxonomy":"product_tag","embeddable":true,"href":"https:\/\/www.xycmat.com\/de\/wp-json\/wp\/v2\/product_tag?post=60"}],"curies":[{"name":"wp","href":"https:\/\/api.w.org\/{rel}","templated":true}]}}