 {"id":67,"date":"2025-12-29T14:33:01","date_gmt":"2025-12-29T06:33:01","guid":{"rendered":"http:\/\/8.217.15.65\/?post_type=product&#038;p=67"},"modified":"2026-01-24T15:50:47","modified_gmt":"2026-01-24T07:50:47","slug":"semiconductor-equipment-parts","status":"publish","type":"product","link":"https:\/\/www.xycmat.com\/de\/produkt\/semiconductor-equipment-parts\/","title":{"rendered":"Ceramic mechanical arm \/ Semiconductor wafer equipment \/ Handling arm"},"content":{"rendered":"","protected":false},"excerpt":{"rendered":"<p>Ceramic mechanical arm \/ Semiconductor wafer equipment \/ Handling arm<\/p>\n<p>Ausgezeichnete Verschlei\u00dffestigkeit, Hochtemperaturbest\u00e4ndigkeit, Korrosionsbest\u00e4ndigkeit, Temperaturwechselbest\u00e4ndigkeit, Isolierung und andere Eigenschaften<\/p>\n<p>G\u00fcnstiger Preis im Vergleich zu herk\u00f6mmlichen Materialien,<\/p>\n<p>Mit einer Festigkeit und Bruchz\u00e4higkeit, die von anderen Werkstoffen nicht erreicht wird, eignet es sich f\u00fcr hochkorrosive und hochfeste Umgebungen.<\/p>\n<p>Gr\u00fcn und umweltfreundlich<\/p>","protected":false},"featured_media":268,"comment_status":"open","ping_status":"closed","template":"","meta":[],"product_brand":[],"product_cat":[33],"product_tag":[],"class_list":{"0":"post-67","1":"product","2":"type-product","3":"status-publish","4":"has-post-thumbnail","6":"product_cat-semiconductor","8":"first","9":"instock","10":"featured","11":"shipping-taxable","12":"product-type-simple"},"yoast_head":"<!-- This site is optimized with the Yoast SEO plugin v26.6 - https:\/\/yoast.com\/wordpress\/plugins\/seo\/ -->\n<title>Ceramic mechanical arm \/ Semiconductor wafer equipment \/ Handling arm - XYC<\/title>\n<meta name=\"robots\" content=\"index, follow, max-snippet:-1, max-image-preview:large, max-video-preview:-1\" \/>\n<link rel=\"canonical\" href=\"https:\/\/www.xycmat.com\/de\/produkt\/semiconductor-equipment-parts\/\" \/>\n<script type=\"application\/ld+json\" class=\"yoast-schema-graph\">{\"@context\":\"https:\/\/schema.org\",\"@graph\":[{\"@type\":\"WebPage\",\"@id\":\"https:\/\/www.xycmat.com\/product\/semiconductor-equipment-parts\/\",\"url\":\"https:\/\/www.xycmat.com\/product\/semiconductor-equipment-parts\/\",\"name\":\"Ceramic mechanical arm \/ Semiconductor wafer equipment \/ Handling arm - XYC\",\"isPartOf\":{\"@id\":\"https:\/\/www.xycmat.com\/#website\"},\"primaryImageOfPage\":{\"@id\":\"https:\/\/www.xycmat.com\/product\/semiconductor-equipment-parts\/#primaryimage\"},\"image\":{\"@id\":\"https:\/\/www.xycmat.com\/product\/semiconductor-equipment-parts\/#primaryimage\"},\"thumbnailUrl\":\"https:\/\/www.xycmat.com\/wp-content\/uploads\/2025\/12\/23.jpg\",\"datePublished\":\"2025-12-29T06:33:01+00:00\",\"dateModified\":\"2026-01-24T07:50:47+00:00\",\"breadcrumb\":{\"@id\":\"https:\/\/www.xycmat.com\/product\/semiconductor-equipment-parts\/#breadcrumb\"},\"inLanguage\":\"de\",\"potentialAction\":[{\"@type\":\"ReadAction\",\"target\":[\"https:\/\/www.xycmat.com\/product\/semiconductor-equipment-parts\/\"]}]},{\"@type\":\"ImageObject\",\"inLanguage\":\"de\",\"@id\":\"https:\/\/www.xycmat.com\/product\/semiconductor-equipment-parts\/#primaryimage\",\"url\":\"https:\/\/www.xycmat.com\/wp-content\/uploads\/2025\/12\/23.jpg\",\"contentUrl\":\"https:\/\/www.xycmat.com\/wp-content\/uploads\/2025\/12\/23.jpg\",\"width\":800,\"height\":800},{\"@type\":\"BreadcrumbList\",\"@id\":\"https:\/\/www.xycmat.com\/product\/semiconductor-equipment-parts\/#breadcrumb\",\"itemListElement\":[{\"@type\":\"ListItem\",\"position\":1,\"name\":\"\u9996\u9875\",\"item\":\"https:\/\/www.xycmat.com\/\"},{\"@type\":\"ListItem\",\"position\":2,\"name\":\"\u5546\u5e97\",\"item\":\"https:\/\/www.xycmat.com\/product\/\"},{\"@type\":\"ListItem\",\"position\":3,\"name\":\"Ceramic mechanical arm \/ Semiconductor wafer equipment \/ Handling arm\"}]},{\"@type\":\"WebSite\",\"@id\":\"https:\/\/www.xycmat.com\/#website\",\"url\":\"https:\/\/www.xycmat.com\/\",\"name\":\"XYC\",\"description\":\"XYC Advanced Ceramics\",\"publisher\":{\"@id\":\"https:\/\/www.xycmat.com\/#organization\"},\"potentialAction\":[{\"@type\":\"SearchAction\",\"target\":{\"@type\":\"EntryPoint\",\"urlTemplate\":\"https:\/\/www.xycmat.com\/?s={search_term_string}\"},\"query-input\":{\"@type\":\"PropertyValueSpecification\",\"valueRequired\":true,\"valueName\":\"search_term_string\"}}],\"inLanguage\":\"de\"},{\"@type\":\"Organization\",\"@id\":\"https:\/\/www.xycmat.com\/#organization\",\"name\":\"XYC\",\"url\":\"https:\/\/www.xycmat.com\/\",\"logo\":{\"@type\":\"ImageObject\",\"inLanguage\":\"de\",\"@id\":\"https:\/\/www.xycmat.com\/#\/schema\/logo\/image\/\",\"url\":\"https:\/\/www.xycmat.com\/wp-content\/uploads\/2025\/12\/logo-1.webp\",\"contentUrl\":\"https:\/\/www.xycmat.com\/wp-content\/uploads\/2025\/12\/logo-1.webp\",\"width\":512,\"height\":512,\"caption\":\"XYC\"},\"image\":{\"@id\":\"https:\/\/www.xycmat.com\/#\/schema\/logo\/image\/\"}}]}<\/script>\n<!-- \/ Yoast SEO plugin. -->","yoast_head_json":{"title":"Ceramic mechanical arm \/ Semiconductor wafer equipment \/ Handling arm - XYC","robots":{"index":"index","follow":"follow","max-snippet":"max-snippet:-1","max-image-preview":"max-image-preview:large","max-video-preview":"max-video-preview:-1"},"canonical":"https:\/\/www.xycmat.com\/de\/produkt\/semiconductor-equipment-parts\/","schema":{"@context":"https:\/\/schema.org","@graph":[{"@type":"WebPage","@id":"https:\/\/www.xycmat.com\/product\/semiconductor-equipment-parts\/","url":"https:\/\/www.xycmat.com\/product\/semiconductor-equipment-parts\/","name":"Ceramic mechanical arm \/ Semiconductor wafer equipment \/ Handling arm - XYC","isPartOf":{"@id":"https:\/\/www.xycmat.com\/#website"},"primaryImageOfPage":{"@id":"https:\/\/www.xycmat.com\/product\/semiconductor-equipment-parts\/#primaryimage"},"image":{"@id":"https:\/\/www.xycmat.com\/product\/semiconductor-equipment-parts\/#primaryimage"},"thumbnailUrl":"https:\/\/www.xycmat.com\/wp-content\/uploads\/2025\/12\/23.jpg","datePublished":"2025-12-29T06:33:01+00:00","dateModified":"2026-01-24T07:50:47+00:00","breadcrumb":{"@id":"https:\/\/www.xycmat.com\/product\/semiconductor-equipment-parts\/#breadcrumb"},"inLanguage":"de","potentialAction":[{"@type":"ReadAction","target":["https:\/\/www.xycmat.com\/product\/semiconductor-equipment-parts\/"]}]},{"@type":"ImageObject","inLanguage":"de","@id":"https:\/\/www.xycmat.com\/product\/semiconductor-equipment-parts\/#primaryimage","url":"https:\/\/www.xycmat.com\/wp-content\/uploads\/2025\/12\/23.jpg","contentUrl":"https:\/\/www.xycmat.com\/wp-content\/uploads\/2025\/12\/23.jpg","width":800,"height":800},{"@type":"BreadcrumbList","@id":"https:\/\/www.xycmat.com\/product\/semiconductor-equipment-parts\/#breadcrumb","itemListElement":[{"@type":"ListItem","position":1,"name":"\u9996\u9875","item":"https:\/\/www.xycmat.com\/"},{"@type":"ListItem","position":2,"name":"\u5546\u5e97","item":"https:\/\/www.xycmat.com\/product\/"},{"@type":"ListItem","position":3,"name":"Ceramic mechanical arm \/ Semiconductor wafer equipment \/ Handling arm"}]},{"@type":"WebSite","@id":"https:\/\/www.xycmat.com\/#website","url":"https:\/\/www.xycmat.com\/","name":"XYC","description":"XYC Advanced Ceramics","publisher":{"@id":"https:\/\/www.xycmat.com\/#organization"},"potentialAction":[{"@type":"SearchAction","target":{"@type":"EntryPoint","urlTemplate":"https:\/\/www.xycmat.com\/?s={search_term_string}"},"query-input":{"@type":"PropertyValueSpecification","valueRequired":true,"valueName":"search_term_string"}}],"inLanguage":"de"},{"@type":"Organization","@id":"https:\/\/www.xycmat.com\/#organization","name":"XYC","url":"https:\/\/www.xycmat.com\/","logo":{"@type":"ImageObject","inLanguage":"de","@id":"https:\/\/www.xycmat.com\/#\/schema\/logo\/image\/","url":"https:\/\/www.xycmat.com\/wp-content\/uploads\/2025\/12\/logo-1.webp","contentUrl":"https:\/\/www.xycmat.com\/wp-content\/uploads\/2025\/12\/logo-1.webp","width":512,"height":512,"caption":"XYC"},"image":{"@id":"https:\/\/www.xycmat.com\/#\/schema\/logo\/image\/"}}]}},"_links":{"self":[{"href":"https:\/\/www.xycmat.com\/de\/wp-json\/wp\/v2\/product\/67","targetHints":{"allow":["GET"]}}],"collection":[{"href":"https:\/\/www.xycmat.com\/de\/wp-json\/wp\/v2\/product"}],"about":[{"href":"https:\/\/www.xycmat.com\/de\/wp-json\/wp\/v2\/types\/product"}],"replies":[{"embeddable":true,"href":"https:\/\/www.xycmat.com\/de\/wp-json\/wp\/v2\/comments?post=67"}],"wp:featuredmedia":[{"embeddable":true,"href":"https:\/\/www.xycmat.com\/de\/wp-json\/wp\/v2\/media\/268"}],"wp:attachment":[{"href":"https:\/\/www.xycmat.com\/de\/wp-json\/wp\/v2\/media?parent=67"}],"wp:term":[{"taxonomy":"product_brand","embeddable":true,"href":"https:\/\/www.xycmat.com\/de\/wp-json\/wp\/v2\/product_brand?post=67"},{"taxonomy":"product_cat","embeddable":true,"href":"https:\/\/www.xycmat.com\/de\/wp-json\/wp\/v2\/product_cat?post=67"},{"taxonomy":"product_tag","embeddable":true,"href":"https:\/\/www.xycmat.com\/de\/wp-json\/wp\/v2\/product_tag?post=67"}],"curies":[{"name":"wp","href":"https:\/\/api.w.org\/{rel}","templated":true}]}}