 {"id":69,"date":"2025-12-29T15:01:04","date_gmt":"2025-12-29T07:01:04","guid":{"rendered":"http:\/\/8.217.15.65\/?post_type=product&#038;p=69"},"modified":"2025-12-29T15:57:11","modified_gmt":"2025-12-29T07:57:11","slug":"ceramic-roller-ceramic-dual-roll-ceramic-three-roll","status":"publish","type":"product","link":"https:\/\/www.xycmat.com\/de\/produkt\/ceramic-roller-ceramic-dual-roll-ceramic-three-roll\/","title":{"rendered":"Keramik Walze-Keramik Zwei-Walzen-Keramik Drei-Walzen"},"content":{"rendered":"<p>*Das Material hat eine hohe H\u00e4rte, eine hohe Verschlei\u00dffestigkeit, ist nicht magnetisch und nicht leitend.<\/p>\n<p>*Au\u00dfergew\u00f6hnliche thermische Stabilit\u00e4t und Beibehaltung der Leistung auch bei hohen Arbeitstemperaturen.<\/p>\n<p>*Grad der Genauigkeit, die Pr\u00e4zision derR, Vibration, Rundheit Genauigkeit bis zu + 0,002 mm<\/p>\n<p>*Erzielt hervorragende Rundlauf- und Rundheitsgenauigkeit innerhalb von +0,002 mm.<\/p>\n<p>*Umweltfreundlich, spart mehr als 30% Energie w\u00e4hrend des Formungsprozesses.<\/p>","protected":false},"excerpt":{"rendered":"<p>*Das Material hat eine hohe H\u00e4rte, eine hohe Verschlei\u00dffestigkeit, ist nicht magnetisch und nicht leitend.<\/p>\n<p>*Au\u00dfergew\u00f6hnliche thermische Stabilit\u00e4t und Beibehaltung der Leistung auch bei hohen Arbeitstemperaturen.<\/p>\n<p>*Grad der Genauigkeit, die Pr\u00e4zision derR, Vibration, Rundheit Genauigkeit bis zu + 0,002 mm<\/p>\n<p>*Erzielt hervorragende Rundlauf- und Rundheitsgenauigkeit innerhalb von +0,002 mm.<\/p>\n<p>*Umweltfreundlich, spart mehr als 30% Energie w\u00e4hrend des Formungsprozesses.<\/p>","protected":false},"featured_media":70,"comment_status":"open","ping_status":"closed","template":"","meta":[],"product_brand":[],"product_cat":[27],"product_tag":[],"class_list":{"0":"post-69","1":"product","2":"type-product","3":"status-publish","4":"has-post-thumbnail","6":"product_cat-ceramic-precision-rolls","8":"first","9":"instock","10":"shipping-taxable","11":"product-type-simple"},"yoast_head":"<!-- This site is optimized with the Yoast SEO plugin v26.6 - https:\/\/yoast.com\/wordpress\/plugins\/seo\/ -->\n<title>Ceramic Roller-ceramic Dual-roll-ceramic Three-roll - XYC<\/title>\n<meta name=\"robots\" content=\"index, follow, max-snippet:-1, max-image-preview:large, max-video-preview:-1\" \/>\n<link rel=\"canonical\" href=\"https:\/\/www.xycmat.com\/de\/produkt\/ceramic-roller-ceramic-dual-roll-ceramic-three-roll\/\" \/>\n<script type=\"application\/ld+json\" class=\"yoast-schema-graph\">{\"@context\":\"https:\/\/schema.org\",\"@graph\":[{\"@type\":\"WebPage\",\"@id\":\"https:\/\/www.xycmat.com\/product\/ceramic-roller-ceramic-dual-roll-ceramic-three-roll\/\",\"url\":\"https:\/\/www.xycmat.com\/product\/ceramic-roller-ceramic-dual-roll-ceramic-three-roll\/\",\"name\":\"Ceramic Roller-ceramic Dual-roll-ceramic Three-roll - XYC\",\"isPartOf\":{\"@id\":\"https:\/\/www.xycmat.com\/#website\"},\"primaryImageOfPage\":{\"@id\":\"https:\/\/www.xycmat.com\/product\/ceramic-roller-ceramic-dual-roll-ceramic-three-roll\/#primaryimage\"},\"image\":{\"@id\":\"https:\/\/www.xycmat.com\/product\/ceramic-roller-ceramic-dual-roll-ceramic-three-roll\/#primaryimage\"},\"thumbnailUrl\":\"https:\/\/www.xycmat.com\/wp-content\/uploads\/2025\/12\/c001-4.png\",\"datePublished\":\"2025-12-29T07:01:04+00:00\",\"dateModified\":\"2025-12-29T07:57:11+00:00\",\"breadcrumb\":{\"@id\":\"https:\/\/www.xycmat.com\/product\/ceramic-roller-ceramic-dual-roll-ceramic-three-roll\/#breadcrumb\"},\"inLanguage\":\"de\",\"potentialAction\":[{\"@type\":\"ReadAction\",\"target\":[\"https:\/\/www.xycmat.com\/product\/ceramic-roller-ceramic-dual-roll-ceramic-three-roll\/\"]}]},{\"@type\":\"ImageObject\",\"inLanguage\":\"de\",\"@id\":\"https:\/\/www.xycmat.com\/product\/ceramic-roller-ceramic-dual-roll-ceramic-three-roll\/#primaryimage\",\"url\":\"https:\/\/www.xycmat.com\/wp-content\/uploads\/2025\/12\/c001-4.png\",\"contentUrl\":\"https:\/\/www.xycmat.com\/wp-content\/uploads\/2025\/12\/c001-4.png\",\"width\":800,\"height\":800},{\"@type\":\"BreadcrumbList\",\"@id\":\"https:\/\/www.xycmat.com\/product\/ceramic-roller-ceramic-dual-roll-ceramic-three-roll\/#breadcrumb\",\"itemListElement\":[{\"@type\":\"ListItem\",\"position\":1,\"name\":\"\u9996\u9875\",\"item\":\"https:\/\/www.xycmat.com\/\"},{\"@type\":\"ListItem\",\"position\":2,\"name\":\"\u5546\u5e97\",\"item\":\"https:\/\/www.xycmat.com\/product\/\"},{\"@type\":\"ListItem\",\"position\":3,\"name\":\"Ceramic Roller-ceramic Dual-roll-ceramic Three-roll\"}]},{\"@type\":\"WebSite\",\"@id\":\"https:\/\/www.xycmat.com\/#website\",\"url\":\"https:\/\/www.xycmat.com\/\",\"name\":\"XYC\",\"description\":\"XYC Advanced Ceramics\",\"publisher\":{\"@id\":\"https:\/\/www.xycmat.com\/#organization\"},\"potentialAction\":[{\"@type\":\"SearchAction\",\"target\":{\"@type\":\"EntryPoint\",\"urlTemplate\":\"https:\/\/www.xycmat.com\/?s={search_term_string}\"},\"query-input\":{\"@type\":\"PropertyValueSpecification\",\"valueRequired\":true,\"valueName\":\"search_term_string\"}}],\"inLanguage\":\"de\"},{\"@type\":\"Organization\",\"@id\":\"https:\/\/www.xycmat.com\/#organization\",\"name\":\"XYC\",\"url\":\"https:\/\/www.xycmat.com\/\",\"logo\":{\"@type\":\"ImageObject\",\"inLanguage\":\"de\",\"@id\":\"https:\/\/www.xycmat.com\/#\/schema\/logo\/image\/\",\"url\":\"https:\/\/www.xycmat.com\/wp-content\/uploads\/2025\/12\/logo-1.webp\",\"contentUrl\":\"https:\/\/www.xycmat.com\/wp-content\/uploads\/2025\/12\/logo-1.webp\",\"width\":512,\"height\":512,\"caption\":\"XYC\"},\"image\":{\"@id\":\"https:\/\/www.xycmat.com\/#\/schema\/logo\/image\/\"}}]}<\/script>\n<!-- \/ Yoast SEO plugin. -->","yoast_head_json":{"title":"Ceramic Roller-ceramic Dual-roll-ceramic Three-roll - XYC","robots":{"index":"index","follow":"follow","max-snippet":"max-snippet:-1","max-image-preview":"max-image-preview:large","max-video-preview":"max-video-preview:-1"},"canonical":"https:\/\/www.xycmat.com\/de\/produkt\/ceramic-roller-ceramic-dual-roll-ceramic-three-roll\/","schema":{"@context":"https:\/\/schema.org","@graph":[{"@type":"WebPage","@id":"https:\/\/www.xycmat.com\/product\/ceramic-roller-ceramic-dual-roll-ceramic-three-roll\/","url":"https:\/\/www.xycmat.com\/product\/ceramic-roller-ceramic-dual-roll-ceramic-three-roll\/","name":"Ceramic Roller-ceramic Dual-roll-ceramic Three-roll - XYC","isPartOf":{"@id":"https:\/\/www.xycmat.com\/#website"},"primaryImageOfPage":{"@id":"https:\/\/www.xycmat.com\/product\/ceramic-roller-ceramic-dual-roll-ceramic-three-roll\/#primaryimage"},"image":{"@id":"https:\/\/www.xycmat.com\/product\/ceramic-roller-ceramic-dual-roll-ceramic-three-roll\/#primaryimage"},"thumbnailUrl":"https:\/\/www.xycmat.com\/wp-content\/uploads\/2025\/12\/c001-4.png","datePublished":"2025-12-29T07:01:04+00:00","dateModified":"2025-12-29T07:57:11+00:00","breadcrumb":{"@id":"https:\/\/www.xycmat.com\/product\/ceramic-roller-ceramic-dual-roll-ceramic-three-roll\/#breadcrumb"},"inLanguage":"de","potentialAction":[{"@type":"ReadAction","target":["https:\/\/www.xycmat.com\/product\/ceramic-roller-ceramic-dual-roll-ceramic-three-roll\/"]}]},{"@type":"ImageObject","inLanguage":"de","@id":"https:\/\/www.xycmat.com\/product\/ceramic-roller-ceramic-dual-roll-ceramic-three-roll\/#primaryimage","url":"https:\/\/www.xycmat.com\/wp-content\/uploads\/2025\/12\/c001-4.png","contentUrl":"https:\/\/www.xycmat.com\/wp-content\/uploads\/2025\/12\/c001-4.png","width":800,"height":800},{"@type":"BreadcrumbList","@id":"https:\/\/www.xycmat.com\/product\/ceramic-roller-ceramic-dual-roll-ceramic-three-roll\/#breadcrumb","itemListElement":[{"@type":"ListItem","position":1,"name":"\u9996\u9875","item":"https:\/\/www.xycmat.com\/"},{"@type":"ListItem","position":2,"name":"\u5546\u5e97","item":"https:\/\/www.xycmat.com\/product\/"},{"@type":"ListItem","position":3,"name":"Ceramic Roller-ceramic Dual-roll-ceramic Three-roll"}]},{"@type":"WebSite","@id":"https:\/\/www.xycmat.com\/#website","url":"https:\/\/www.xycmat.com\/","name":"XYC","description":"XYC Advanced Ceramics","publisher":{"@id":"https:\/\/www.xycmat.com\/#organization"},"potentialAction":[{"@type":"SearchAction","target":{"@type":"EntryPoint","urlTemplate":"https:\/\/www.xycmat.com\/?s={search_term_string}"},"query-input":{"@type":"PropertyValueSpecification","valueRequired":true,"valueName":"search_term_string"}}],"inLanguage":"de"},{"@type":"Organization","@id":"https:\/\/www.xycmat.com\/#organization","name":"XYC","url":"https:\/\/www.xycmat.com\/","logo":{"@type":"ImageObject","inLanguage":"de","@id":"https:\/\/www.xycmat.com\/#\/schema\/logo\/image\/","url":"https:\/\/www.xycmat.com\/wp-content\/uploads\/2025\/12\/logo-1.webp","contentUrl":"https:\/\/www.xycmat.com\/wp-content\/uploads\/2025\/12\/logo-1.webp","width":512,"height":512,"caption":"XYC"},"image":{"@id":"https:\/\/www.xycmat.com\/#\/schema\/logo\/image\/"}}]}},"_links":{"self":[{"href":"https:\/\/www.xycmat.com\/de\/wp-json\/wp\/v2\/product\/69","targetHints":{"allow":["GET"]}}],"collection":[{"href":"https:\/\/www.xycmat.com\/de\/wp-json\/wp\/v2\/product"}],"about":[{"href":"https:\/\/www.xycmat.com\/de\/wp-json\/wp\/v2\/types\/product"}],"replies":[{"embeddable":true,"href":"https:\/\/www.xycmat.com\/de\/wp-json\/wp\/v2\/comments?post=69"}],"wp:featuredmedia":[{"embeddable":true,"href":"https:\/\/www.xycmat.com\/de\/wp-json\/wp\/v2\/media\/70"}],"wp:attachment":[{"href":"https:\/\/www.xycmat.com\/de\/wp-json\/wp\/v2\/media?parent=69"}],"wp:term":[{"taxonomy":"product_brand","embeddable":true,"href":"https:\/\/www.xycmat.com\/de\/wp-json\/wp\/v2\/product_brand?post=69"},{"taxonomy":"product_cat","embeddable":true,"href":"https:\/\/www.xycmat.com\/de\/wp-json\/wp\/v2\/product_cat?post=69"},{"taxonomy":"product_tag","embeddable":true,"href":"https:\/\/www.xycmat.com\/de\/wp-json\/wp\/v2\/product_tag?post=69"}],"curies":[{"name":"wp","href":"https:\/\/api.w.org\/{rel}","templated":true}]}}